{"id":6,"date":"2016-08-22T08:26:36","date_gmt":"2016-08-22T06:26:36","guid":{"rendered":"http:\/\/www.koki-passau.de\/?page_id=6"},"modified":"2021-08-26T10:45:04","modified_gmt":"2021-08-26T08:45:04","slug":"fruehe-hilfen","status":"publish","type":"page","link":"https:\/\/www.koki-passau.de\/index.php\/fruehe-hilfen\/","title":{"rendered":"Fr\u00fche Hilfen"},"content":{"rendered":"<div id=\"boxgrau-gross\"><img loading=\"lazy\" decoding=\"async\" src=\"https:\/\/www.koki-passau.de\/wp-content\/uploads\/2016\/08\/Fruehe-Hilfen-Bild.jpg\" alt=\"Fruehe-Hilfen-Bild\" width=\"187\" height=\"187\" class=\"alignnone size-full wp-image-409\" \/><\/p>\n<h1>Fr\u00fche Hilfen<\/h1>\n<p>Fr\u00fche Hilfen haben in den vergangenen Jahren an Bedeutung gewonnen und sind mit dem am 1. Januar 2012 in Kraft getretenen Bundeskinderschutzgesetz erstmals gesetzlich verankert. Sie bieten einen neuen, pr\u00e4ventiven Ansatz, um allen Kindern von Anfang an ein gesundes und gewaltfreies Aufwachsen zu erm\u00f6glichen. Fr\u00fche Hilfen sind passgenaue Unterst\u00fctzungsangebote f\u00fcr Eltern und Kinder ab der Schwangerschaft und in den ersten drei Lebensjahren des Kindes. Sie nutzen die Angebote und Ma\u00dfnahmen aus dem Gesundheitswesen, der Kinder- und Jugendhilfe, der Schwangerschaftsberatung und der Fr\u00fchf\u00f6rderung und entwickeln sie weiter. Dies geschieht in multiprofessionellen und hilfesystem\u00fcbergreifenden Netzwerken Fr\u00fche Hilfen.<br \/>\n<a id=\"link\" href=\"https:\/\/www.fruehehilfen.de\/fruehe-hilfen\/\" target=\"_blank\" rel=\"noopener noreferrer\">https:\/\/www.fruehehilfen.de\/fruehe-hilfen\/<\/a>\n<\/div>\n","protected":false},"excerpt":{"rendered":"<p>Fr\u00fche Hilfen Fr\u00fche Hilfen haben in den vergangenen Jahren an Bedeutung gewonnen und sind mit dem am 1. Januar 2012 in Kraft getretenen Bundeskinderschutzgesetz erstmals gesetzlich verankert. Sie bieten einen neuen, pr\u00e4ventiven Ansatz, um allen Kindern von Anfang an ein gesundes und gewaltfreies Aufwachsen zu erm\u00f6glichen. Fr\u00fche Hilfen sind passgenaue Unterst\u00fctzungsangebote f\u00fcr Eltern und Kinder &hellip; <a href=\"https:\/\/www.koki-passau.de\/index.php\/fruehe-hilfen\/\" class=\"more-link\"><span class=\"screen-reader-text\">Fr\u00fche Hilfen<\/span> weiterlesen <span class=\"meta-nav\">&rarr;<\/span><\/a><\/p>\n","protected":false},"author":1,"featured_media":0,"parent":0,"menu_order":0,"comment_status":"closed","ping_status":"closed","template":"","meta":{"footnotes":""},"class_list":["post-6","page","type-page","status-publish","hentry"],"yoast_head":"<!-- This site is optimized with the Yoast SEO plugin v25.9 - https:\/\/yoast.com\/wordpress\/plugins\/seo\/ -->\n<title>Fr\u00fche Hilfen - KoKi Passau<\/title>\n<meta name=\"robots\" content=\"index, follow, max-snippet:-1, max-image-preview:large, max-video-preview:-1\" \/>\n<link rel=\"canonical\" href=\"https:\/\/www.koki-passau.de\/index.php\/fruehe-hilfen\/\" \/>\n<meta property=\"og:locale\" content=\"de_DE\" \/>\n<meta property=\"og:type\" content=\"article\" \/>\n<meta property=\"og:title\" content=\"Fr\u00fche Hilfen - KoKi Passau\" \/>\n<meta property=\"og:description\" content=\"Fr\u00fche Hilfen Fr\u00fche Hilfen haben in den vergangenen Jahren an Bedeutung gewonnen und sind mit dem am 1. Januar 2012 in Kraft getretenen Bundeskinderschutzgesetz erstmals gesetzlich verankert. Sie bieten einen neuen, pr\u00e4ventiven Ansatz, um allen Kindern von Anfang an ein gesundes und gewaltfreies Aufwachsen zu erm\u00f6glichen. Fr\u00fche Hilfen sind passgenaue Unterst\u00fctzungsangebote f\u00fcr Eltern und Kinder &hellip; Fr\u00fche Hilfen weiterlesen &rarr;\" \/>\n<meta property=\"og:url\" content=\"https:\/\/www.koki-passau.de\/index.php\/fruehe-hilfen\/\" \/>\n<meta property=\"og:site_name\" content=\"KoKi Passau\" \/>\n<meta property=\"article:modified_time\" content=\"2021-08-26T08:45:04+00:00\" \/>\n<meta property=\"og:image\" content=\"https:\/\/www.koki-passau.de\/wp-content\/uploads\/2016\/08\/Fruehe-Hilfen-Bild.jpg\" \/>\n<meta name=\"twitter:card\" content=\"summary_large_image\" \/>\n<meta name=\"twitter:label1\" content=\"Gesch\u00e4tzte Lesezeit\" \/>\n\t<meta name=\"twitter:data1\" content=\"1\u00a0Minute\" \/>\n<script type=\"application\/ld+json\" class=\"yoast-schema-graph\">{\"@context\":\"https:\/\/schema.org\",\"@graph\":[{\"@type\":\"WebPage\",\"@id\":\"https:\/\/www.koki-passau.de\/index.php\/fruehe-hilfen\/\",\"url\":\"https:\/\/www.koki-passau.de\/index.php\/fruehe-hilfen\/\",\"name\":\"Fr\u00fche Hilfen - KoKi Passau\",\"isPartOf\":{\"@id\":\"https:\/\/www.koki-passau.de\/#website\"},\"primaryImageOfPage\":{\"@id\":\"https:\/\/www.koki-passau.de\/index.php\/fruehe-hilfen\/#primaryimage\"},\"image\":{\"@id\":\"https:\/\/www.koki-passau.de\/index.php\/fruehe-hilfen\/#primaryimage\"},\"thumbnailUrl\":\"https:\/\/www.koki-passau.de\/wp-content\/uploads\/2016\/08\/Fruehe-Hilfen-Bild.jpg\",\"datePublished\":\"2016-08-22T06:26:36+00:00\",\"dateModified\":\"2021-08-26T08:45:04+00:00\",\"breadcrumb\":{\"@id\":\"https:\/\/www.koki-passau.de\/index.php\/fruehe-hilfen\/#breadcrumb\"},\"inLanguage\":\"de\",\"potentialAction\":[{\"@type\":\"ReadAction\",\"target\":[\"https:\/\/www.koki-passau.de\/index.php\/fruehe-hilfen\/\"]}]},{\"@type\":\"ImageObject\",\"inLanguage\":\"de\",\"@id\":\"https:\/\/www.koki-passau.de\/index.php\/fruehe-hilfen\/#primaryimage\",\"url\":\"https:\/\/www.koki-passau.de\/wp-content\/uploads\/2016\/08\/Fruehe-Hilfen-Bild.jpg\",\"contentUrl\":\"https:\/\/www.koki-passau.de\/wp-content\/uploads\/2016\/08\/Fruehe-Hilfen-Bild.jpg\",\"width\":187,\"height\":187},{\"@type\":\"BreadcrumbList\",\"@id\":\"https:\/\/www.koki-passau.de\/index.php\/fruehe-hilfen\/#breadcrumb\",\"itemListElement\":[{\"@type\":\"ListItem\",\"position\":1,\"name\":\"Home\",\"item\":\"https:\/\/www.koki-passau.de\/\"},{\"@type\":\"ListItem\",\"position\":2,\"name\":\"Fr\u00fche Hilfen\"}]},{\"@type\":\"WebSite\",\"@id\":\"https:\/\/www.koki-passau.de\/#website\",\"url\":\"https:\/\/www.koki-passau.de\/\",\"name\":\"KoKi Passau\",\"description\":\"Die Koordinierenden Kinderschutzstellen\",\"potentialAction\":[{\"@type\":\"SearchAction\",\"target\":{\"@type\":\"EntryPoint\",\"urlTemplate\":\"https:\/\/www.koki-passau.de\/?s={search_term_string}\"},\"query-input\":{\"@type\":\"PropertyValueSpecification\",\"valueRequired\":true,\"valueName\":\"search_term_string\"}}],\"inLanguage\":\"de\"}]}<\/script>\n<!-- \/ Yoast SEO plugin. -->","yoast_head_json":{"title":"Fr\u00fche Hilfen - KoKi Passau","robots":{"index":"index","follow":"follow","max-snippet":"max-snippet:-1","max-image-preview":"max-image-preview:large","max-video-preview":"max-video-preview:-1"},"canonical":"https:\/\/www.koki-passau.de\/index.php\/fruehe-hilfen\/","og_locale":"de_DE","og_type":"article","og_title":"Fr\u00fche Hilfen - KoKi Passau","og_description":"Fr\u00fche Hilfen Fr\u00fche Hilfen haben in den vergangenen Jahren an Bedeutung gewonnen und sind mit dem am 1. Januar 2012 in Kraft getretenen Bundeskinderschutzgesetz erstmals gesetzlich verankert. Sie bieten einen neuen, pr\u00e4ventiven Ansatz, um allen Kindern von Anfang an ein gesundes und gewaltfreies Aufwachsen zu erm\u00f6glichen. Fr\u00fche Hilfen sind passgenaue Unterst\u00fctzungsangebote f\u00fcr Eltern und Kinder &hellip; Fr\u00fche Hilfen weiterlesen &rarr;","og_url":"https:\/\/www.koki-passau.de\/index.php\/fruehe-hilfen\/","og_site_name":"KoKi Passau","article_modified_time":"2021-08-26T08:45:04+00:00","og_image":[{"url":"https:\/\/www.koki-passau.de\/wp-content\/uploads\/2016\/08\/Fruehe-Hilfen-Bild.jpg","type":"","width":"","height":""}],"twitter_card":"summary_large_image","twitter_misc":{"Gesch\u00e4tzte Lesezeit":"1\u00a0Minute"},"schema":{"@context":"https:\/\/schema.org","@graph":[{"@type":"WebPage","@id":"https:\/\/www.koki-passau.de\/index.php\/fruehe-hilfen\/","url":"https:\/\/www.koki-passau.de\/index.php\/fruehe-hilfen\/","name":"Fr\u00fche Hilfen - KoKi Passau","isPartOf":{"@id":"https:\/\/www.koki-passau.de\/#website"},"primaryImageOfPage":{"@id":"https:\/\/www.koki-passau.de\/index.php\/fruehe-hilfen\/#primaryimage"},"image":{"@id":"https:\/\/www.koki-passau.de\/index.php\/fruehe-hilfen\/#primaryimage"},"thumbnailUrl":"https:\/\/www.koki-passau.de\/wp-content\/uploads\/2016\/08\/Fruehe-Hilfen-Bild.jpg","datePublished":"2016-08-22T06:26:36+00:00","dateModified":"2021-08-26T08:45:04+00:00","breadcrumb":{"@id":"https:\/\/www.koki-passau.de\/index.php\/fruehe-hilfen\/#breadcrumb"},"inLanguage":"de","potentialAction":[{"@type":"ReadAction","target":["https:\/\/www.koki-passau.de\/index.php\/fruehe-hilfen\/"]}]},{"@type":"ImageObject","inLanguage":"de","@id":"https:\/\/www.koki-passau.de\/index.php\/fruehe-hilfen\/#primaryimage","url":"https:\/\/www.koki-passau.de\/wp-content\/uploads\/2016\/08\/Fruehe-Hilfen-Bild.jpg","contentUrl":"https:\/\/www.koki-passau.de\/wp-content\/uploads\/2016\/08\/Fruehe-Hilfen-Bild.jpg","width":187,"height":187},{"@type":"BreadcrumbList","@id":"https:\/\/www.koki-passau.de\/index.php\/fruehe-hilfen\/#breadcrumb","itemListElement":[{"@type":"ListItem","position":1,"name":"Home","item":"https:\/\/www.koki-passau.de\/"},{"@type":"ListItem","position":2,"name":"Fr\u00fche Hilfen"}]},{"@type":"WebSite","@id":"https:\/\/www.koki-passau.de\/#website","url":"https:\/\/www.koki-passau.de\/","name":"KoKi Passau","description":"Die Koordinierenden Kinderschutzstellen","potentialAction":[{"@type":"SearchAction","target":{"@type":"EntryPoint","urlTemplate":"https:\/\/www.koki-passau.de\/?s={search_term_string}"},"query-input":{"@type":"PropertyValueSpecification","valueRequired":true,"valueName":"search_term_string"}}],"inLanguage":"de"}]}},"_links":{"self":[{"href":"https:\/\/www.koki-passau.de\/index.php\/wp-json\/wp\/v2\/pages\/6","targetHints":{"allow":["GET"]}}],"collection":[{"href":"https:\/\/www.koki-passau.de\/index.php\/wp-json\/wp\/v2\/pages"}],"about":[{"href":"https:\/\/www.koki-passau.de\/index.php\/wp-json\/wp\/v2\/types\/page"}],"author":[{"embeddable":true,"href":"https:\/\/www.koki-passau.de\/index.php\/wp-json\/wp\/v2\/users\/1"}],"replies":[{"embeddable":true,"href":"https:\/\/www.koki-passau.de\/index.php\/wp-json\/wp\/v2\/comments?post=6"}],"version-history":[{"count":17,"href":"https:\/\/www.koki-passau.de\/index.php\/wp-json\/wp\/v2\/pages\/6\/revisions"}],"predecessor-version":[{"id":762,"href":"https:\/\/www.koki-passau.de\/index.php\/wp-json\/wp\/v2\/pages\/6\/revisions\/762"}],"wp:attachment":[{"href":"https:\/\/www.koki-passau.de\/index.php\/wp-json\/wp\/v2\/media?parent=6"}],"curies":[{"name":"wp","href":"https:\/\/api.w.org\/{rel}","templated":true}]}}