{"id":286,"date":"2016-08-26T08:24:43","date_gmt":"2016-08-26T06:24:43","guid":{"rendered":"http:\/\/www.koki-passau.de\/?page_id=286"},"modified":"2026-01-29T15:11:04","modified_gmt":"2026-01-29T14:11:04","slug":"impressum","status":"publish","type":"page","link":"https:\/\/www.koki-passau.de\/index.php\/impressum\/","title":{"rendered":"Impressum"},"content":{"rendered":"<h1>Impressum<\/h1>\n<p><strong>Herausgeber<\/strong><br \/>\n(Verantwortlich f\u00fcr dieses Angebot gem\u00e4\u00df \u00a7 5\u00a0DDG)<br \/>\n<strong>Landratsamt Passau<\/strong><br \/>\nKoordinierende Kinderschutzstelle<br \/>\nPassauer Stra\u00dfe 39<br \/>\n94121 Salzweg<\/p>\n<p><i class=\"mein-icon2 icon-phone\">\ue801<\/i> 0851\/ 397-3525<br \/>\n<i class=\"mein-icon2 icon-print-1\">\ue812<\/i> 0851\/ 397-3553<br \/>\n<i class=\"mein-icon2 icon-mail-3\">\ue816<\/i> <a href=\"mailto:Koki@landkreis-passau.de\">Koki@landkreis-passau.de<\/a><\/p>\n<p>Vertretungsberechtigter: Landrat Raimund Kneidinger<\/p>\n<p>USt-Identifikationsnummer gem\u00e4\u00df \u00a7\u00a027 a Umsatzsteuergesetz: DE 246 546 353<\/p>\n<p><strong>Verantwortlich f\u00fcr den Inhalt<\/strong><br \/>\nMagdalena Gro\u00df, Rachel Unbehagen (Anschrift siehe oben).<br \/>\nNamentlich gekennzeichnete Internetseiten geben die Auffassungen und Erkenntnisse der genannten Personen wieder.<\/p>\n<p><strong>Nutzungsbedingungen<\/strong><br \/>\nTexte, Bilder, Grafiken sowie die Gestaltung dieser Internetseiten k\u00f6nnen dem Urheberrecht unterliegen.<br \/>\nNicht urheberrechtlich gesch\u00fctzt sind nach \u00a7\u00a05 des Urheberrechtsgesetzes (UrhG)<br \/>\n&#8211; Gesetze, Verordnungen, amtliche Erlasse und Bekanntmachungen sowie Entscheidungen und amtlich verfasste Leits\u00e4tze zu Entscheidungen und<br \/>\n&#8211; andere amtliche Werke, die im amtlichen Interesse zur allgemeinen Kenntnisnahme ver\u00f6ffentlicht worden sind, mit der Einschr\u00e4nkung, dass die Bestimmungen \u00fcber \u00c4nderungsverbot und Quellenangabe in \u00a7\u00a062 Abs. 1 bis 3 und \u00a7\u00a063 Abs. 1 und 2 UrhG entsprechend anzuwenden sind.<\/p>\n<p>Als Privatperson d\u00fcrfen Sie urheberrechtlich gesch\u00fctztes Material zum privaten und sonstigen eigenen Gebrauch im Rahmen des \u00a7\u00a053 UrhG verwenden. Eine Vervielf\u00e4ltigung oder Verwendung urheberrechtlich gesch\u00fctzten Materials dieser Seiten oder Teilen davon in anderen elektronischen oder gedruckten Publikationen und deren Ver\u00f6ffentlichung ist nur mit unserer Einwilligung gestattet. Diese Einwilligung erteilen auf Anfrage die f\u00fcr den Inhalt Verantwortlichen. Der Nachdruck und die Auswertung von Pressemitteilungen und Reden sind mit Quellenangabe allgemein gestattet.<\/p>\n<p>Weiterhin k\u00f6nnen Texte, Bilder, Grafiken und sonstige Dateien ganz oder teilweise dem Urheberrecht Dritter unterliegen. Auch \u00fcber das Bestehen m\u00f6glicher Rechte Dritter geben Ihnen die f\u00fcr den Inhalt Verantwortlichen n\u00e4here Ausk\u00fcnfte.<\/p>\n<p><strong>Haftungsausschluss<\/strong><br \/>\nAlle auf dieser Internetseite bereitgestellten Informationen haben wir nach bestem Wissen und Gewissen erarbeitet und gepr\u00fcft. Eine Gew\u00e4hr f\u00fcr die jederzeitige Aktualit\u00e4t, Richtigkeit, Vollst\u00e4ndigkeit und Verf\u00fcgbarkeit der bereit gestellten Informationen k\u00f6nnen wir allerdings nicht \u00fcbernehmen. Ein Vertragsverh\u00e4ltnis mit den Nutzern \/ der Nutzerin des Internetangebots kommt nicht zustande.<\/p>\n<p>Wir haften nicht f\u00fcr Sch\u00e4den, die durch die Nutzung dieses Internetangebots entstehen. Dieser Haftungsausschluss gilt nicht, soweit die Vorschriften des \u00a7\u00a0839 BGB (Haftung bei Amtspflichtverletzung) einschl\u00e4gig sind. F\u00fcr etwaige Sch\u00e4den, die beim Aufrufen oder Herunterladen von Daten durch Schadsoftware oder der Installation oder Nutzung von Software verursacht werden, \u00fcbernehmen wir keine Haftung. <\/p>\n<p>Der Haftungsausschluss gilt nicht f\u00fcr Informationen, die in den Anwendungsbereich der Europ\u00e4ischen Dienstleistungsrichtlinie (Richtlinie 2006\/123\/EG \u2013 DLRL) fallen. F\u00fcr diese Informationen wird die Richtigkeit und Aktualit\u00e4t gew\u00e4hrleistet.<\/p>\n<p><strong>Links<\/strong><br \/>\nVon unseren eigenen Inhalten sind Querverweise (\u201eLinks\u201c) auf die Webseiten anderer Anbieter zu unterscheiden. Durch diese Links erm\u00f6glichen wir lediglich den Zugang zur Nutzung fremder Inhalte nach \u00a7\u00a07 Digitale-Dienste-Gesetz. Bei der erstmaligen Verkn\u00fcpfung mit diesen Internetangeboten haben wir diese fremden Inhalte daraufhin \u00fcberpr\u00fcft, ob durch sie eine m\u00f6gliche zivilrechtliche oder strafrechtliche Verantwortlichkeit ausgel\u00f6st wird. Wir k\u00f6nnen diese fremden Inhalte aber nicht st\u00e4ndig auf Ver\u00e4nderungen \u00fcberpr\u00fcfen und daher auch keine Verantwortung daf\u00fcr \u00fcbernehmen. F\u00fcr illegale, fehlerhafte oder unvollst\u00e4ndige Inhalte und insbesondere f\u00fcr Sch\u00e4den, die aus der Nutzung oder Nichtnutzung von Informationen Dritter entstehen, haftet allein der jeweilige Anbieter der Seite.<\/p>\n","protected":false},"excerpt":{"rendered":"<p>Impressum Herausgeber (Verantwortlich f\u00fcr dieses Angebot gem\u00e4\u00df \u00a7 5\u00a0DDG) Landratsamt Passau Koordinierende Kinderschutzstelle Passauer Stra\u00dfe 39 94121 Salzweg \ue801 0851\/ 397-3525 \ue812 0851\/ 397-3553 \ue816 Koki@landkreis-passau.de Vertretungsberechtigter: Landrat Raimund Kneidinger USt-Identifikationsnummer gem\u00e4\u00df \u00a7\u00a027 a Umsatzsteuergesetz: DE 246 546 353 Verantwortlich f\u00fcr den Inhalt Magdalena Gro\u00df, Rachel Unbehagen (Anschrift siehe oben). Namentlich gekennzeichnete Internetseiten geben die &hellip; <a href=\"https:\/\/www.koki-passau.de\/index.php\/impressum\/\" class=\"more-link\"><span class=\"screen-reader-text\">Impressum<\/span> weiterlesen <span class=\"meta-nav\">&rarr;<\/span><\/a><\/p>\n","protected":false},"author":1,"featured_media":0,"parent":0,"menu_order":0,"comment_status":"closed","ping_status":"closed","template":"","meta":{"footnotes":""},"class_list":["post-286","page","type-page","status-publish","hentry"],"yoast_head":"<!-- This site is optimized with the Yoast SEO plugin v25.9 - https:\/\/yoast.com\/wordpress\/plugins\/seo\/ -->\n<title>Impressum - KoKi Passau<\/title>\n<meta name=\"robots\" content=\"index, follow, max-snippet:-1, max-image-preview:large, max-video-preview:-1\" \/>\n<link rel=\"canonical\" href=\"https:\/\/www.koki-passau.de\/index.php\/impressum\/\" \/>\n<meta property=\"og:locale\" content=\"de_DE\" \/>\n<meta property=\"og:type\" content=\"article\" \/>\n<meta property=\"og:title\" content=\"Impressum - KoKi Passau\" \/>\n<meta property=\"og:description\" content=\"Impressum Herausgeber (Verantwortlich f\u00fcr dieses Angebot gem\u00e4\u00df \u00a7 5\u00a0DDG) Landratsamt Passau Koordinierende Kinderschutzstelle Passauer Stra\u00dfe 39 94121 Salzweg \ue801 0851\/ 397-3525 \ue812 0851\/ 397-3553 \ue816 Koki@landkreis-passau.de Vertretungsberechtigter: Landrat Raimund Kneidinger USt-Identifikationsnummer gem\u00e4\u00df \u00a7\u00a027 a Umsatzsteuergesetz: DE 246 546 353 Verantwortlich f\u00fcr den Inhalt Magdalena Gro\u00df, Rachel Unbehagen (Anschrift siehe oben). Namentlich gekennzeichnete Internetseiten geben die &hellip; Impressum weiterlesen &rarr;\" \/>\n<meta property=\"og:url\" content=\"https:\/\/www.koki-passau.de\/index.php\/impressum\/\" \/>\n<meta property=\"og:site_name\" content=\"KoKi Passau\" \/>\n<meta property=\"article:modified_time\" content=\"2026-01-29T14:11:04+00:00\" \/>\n<meta name=\"twitter:card\" content=\"summary_large_image\" \/>\n<meta name=\"twitter:label1\" content=\"Gesch\u00e4tzte Lesezeit\" \/>\n\t<meta name=\"twitter:data1\" content=\"3\u00a0Minuten\" \/>\n<script type=\"application\/ld+json\" class=\"yoast-schema-graph\">{\"@context\":\"https:\/\/schema.org\",\"@graph\":[{\"@type\":\"WebPage\",\"@id\":\"https:\/\/www.koki-passau.de\/index.php\/impressum\/\",\"url\":\"https:\/\/www.koki-passau.de\/index.php\/impressum\/\",\"name\":\"Impressum - KoKi Passau\",\"isPartOf\":{\"@id\":\"https:\/\/www.koki-passau.de\/#website\"},\"datePublished\":\"2016-08-26T06:24:43+00:00\",\"dateModified\":\"2026-01-29T14:11:04+00:00\",\"breadcrumb\":{\"@id\":\"https:\/\/www.koki-passau.de\/index.php\/impressum\/#breadcrumb\"},\"inLanguage\":\"de\",\"potentialAction\":[{\"@type\":\"ReadAction\",\"target\":[\"https:\/\/www.koki-passau.de\/index.php\/impressum\/\"]}]},{\"@type\":\"BreadcrumbList\",\"@id\":\"https:\/\/www.koki-passau.de\/index.php\/impressum\/#breadcrumb\",\"itemListElement\":[{\"@type\":\"ListItem\",\"position\":1,\"name\":\"Home\",\"item\":\"https:\/\/www.koki-passau.de\/\"},{\"@type\":\"ListItem\",\"position\":2,\"name\":\"Impressum\"}]},{\"@type\":\"WebSite\",\"@id\":\"https:\/\/www.koki-passau.de\/#website\",\"url\":\"https:\/\/www.koki-passau.de\/\",\"name\":\"KoKi Passau\",\"description\":\"Die Koordinierenden Kinderschutzstellen\",\"potentialAction\":[{\"@type\":\"SearchAction\",\"target\":{\"@type\":\"EntryPoint\",\"urlTemplate\":\"https:\/\/www.koki-passau.de\/?s={search_term_string}\"},\"query-input\":{\"@type\":\"PropertyValueSpecification\",\"valueRequired\":true,\"valueName\":\"search_term_string\"}}],\"inLanguage\":\"de\"}]}<\/script>\n<!-- \/ Yoast SEO plugin. -->","yoast_head_json":{"title":"Impressum - KoKi Passau","robots":{"index":"index","follow":"follow","max-snippet":"max-snippet:-1","max-image-preview":"max-image-preview:large","max-video-preview":"max-video-preview:-1"},"canonical":"https:\/\/www.koki-passau.de\/index.php\/impressum\/","og_locale":"de_DE","og_type":"article","og_title":"Impressum - KoKi Passau","og_description":"Impressum Herausgeber (Verantwortlich f\u00fcr dieses Angebot gem\u00e4\u00df \u00a7 5\u00a0DDG) Landratsamt Passau Koordinierende Kinderschutzstelle Passauer Stra\u00dfe 39 94121 Salzweg \ue801 0851\/ 397-3525 \ue812 0851\/ 397-3553 \ue816 Koki@landkreis-passau.de Vertretungsberechtigter: Landrat Raimund Kneidinger USt-Identifikationsnummer gem\u00e4\u00df \u00a7\u00a027 a Umsatzsteuergesetz: DE 246 546 353 Verantwortlich f\u00fcr den Inhalt Magdalena Gro\u00df, Rachel Unbehagen (Anschrift siehe oben). Namentlich gekennzeichnete Internetseiten geben die &hellip; Impressum weiterlesen &rarr;","og_url":"https:\/\/www.koki-passau.de\/index.php\/impressum\/","og_site_name":"KoKi Passau","article_modified_time":"2026-01-29T14:11:04+00:00","twitter_card":"summary_large_image","twitter_misc":{"Gesch\u00e4tzte Lesezeit":"3\u00a0Minuten"},"schema":{"@context":"https:\/\/schema.org","@graph":[{"@type":"WebPage","@id":"https:\/\/www.koki-passau.de\/index.php\/impressum\/","url":"https:\/\/www.koki-passau.de\/index.php\/impressum\/","name":"Impressum - KoKi Passau","isPartOf":{"@id":"https:\/\/www.koki-passau.de\/#website"},"datePublished":"2016-08-26T06:24:43+00:00","dateModified":"2026-01-29T14:11:04+00:00","breadcrumb":{"@id":"https:\/\/www.koki-passau.de\/index.php\/impressum\/#breadcrumb"},"inLanguage":"de","potentialAction":[{"@type":"ReadAction","target":["https:\/\/www.koki-passau.de\/index.php\/impressum\/"]}]},{"@type":"BreadcrumbList","@id":"https:\/\/www.koki-passau.de\/index.php\/impressum\/#breadcrumb","itemListElement":[{"@type":"ListItem","position":1,"name":"Home","item":"https:\/\/www.koki-passau.de\/"},{"@type":"ListItem","position":2,"name":"Impressum"}]},{"@type":"WebSite","@id":"https:\/\/www.koki-passau.de\/#website","url":"https:\/\/www.koki-passau.de\/","name":"KoKi Passau","description":"Die Koordinierenden Kinderschutzstellen","potentialAction":[{"@type":"SearchAction","target":{"@type":"EntryPoint","urlTemplate":"https:\/\/www.koki-passau.de\/?s={search_term_string}"},"query-input":{"@type":"PropertyValueSpecification","valueRequired":true,"valueName":"search_term_string"}}],"inLanguage":"de"}]}},"_links":{"self":[{"href":"https:\/\/www.koki-passau.de\/index.php\/wp-json\/wp\/v2\/pages\/286","targetHints":{"allow":["GET"]}}],"collection":[{"href":"https:\/\/www.koki-passau.de\/index.php\/wp-json\/wp\/v2\/pages"}],"about":[{"href":"https:\/\/www.koki-passau.de\/index.php\/wp-json\/wp\/v2\/types\/page"}],"author":[{"embeddable":true,"href":"https:\/\/www.koki-passau.de\/index.php\/wp-json\/wp\/v2\/users\/1"}],"replies":[{"embeddable":true,"href":"https:\/\/www.koki-passau.de\/index.php\/wp-json\/wp\/v2\/comments?post=286"}],"version-history":[{"count":18,"href":"https:\/\/www.koki-passau.de\/index.php\/wp-json\/wp\/v2\/pages\/286\/revisions"}],"predecessor-version":[{"id":846,"href":"https:\/\/www.koki-passau.de\/index.php\/wp-json\/wp\/v2\/pages\/286\/revisions\/846"}],"wp:attachment":[{"href":"https:\/\/www.koki-passau.de\/index.php\/wp-json\/wp\/v2\/media?parent=286"}],"curies":[{"name":"wp","href":"https:\/\/api.w.org\/{rel}","templated":true}]}}