{"id":144,"date":"2016-08-25T12:05:49","date_gmt":"2016-08-25T10:05:49","guid":{"rendered":"http:\/\/www.koki-passau.de\/?page_id=144"},"modified":"2026-01-15T14:30:23","modified_gmt":"2026-01-15T13:30:23","slug":"linksdownloads","status":"publish","type":"page","link":"https:\/\/www.koki-passau.de\/index.php\/linksdownloads\/","title":{"rendered":"Links\/Downloads"},"content":{"rendered":"<div id=\"boxgrau-links\">\n<p><img loading=\"lazy\" decoding=\"async\" class=\"alignnone size-full wp-image-543\" src=\"https:\/\/www.koki-passau.de\/wp-content\/uploads\/2016\/08\/Links-Downloads-Bild.jpg\" alt=\"Links-Downloads-Bild\" width=\"187\" height=\"187\" \/><\/p>\n<h1>Links\/Downloads<\/h1>\n<ul>\n<li style=\"list-style-type: none;\">\n<ul>\n<li><a href=\"https:\/\/www.koki-passau.de\/wp-content\/uploads\/2024\/08\/Koki-Broschuere_2024_druck.pdf\" target=\"_blank\" rel=\"noopener noreferrer\">Brosch\u00fcre &#8222;Sie werden Eltern!&#8220;<\/a><\/li>\n<li><a href=\"https:\/\/www.zbfs.bayern.de\/familie\/elterngeld\/antraege\/index.php\" target=\"_blank\" rel=\"noopener noreferrer\">Elterngeldantrag<\/a><\/li>\n<li><a href=\"https:\/\/www.arbeitsagentur.de\/familie-und-kinder\/downloads-kindergeld-kinderzuschlag\" target=\"_blank\" rel=\"noopener noreferrer\">Kindergeld + Kinderzuschlag<\/a><\/li>\n<li><a href=\"https:\/\/www.koki-passau.de\/wp-content\/uploads\/2016\/08\/Kindergartenkostenuebernahme.docx\" target=\"_blank\" rel=\"noopener noreferrer\">Kindergartenkosten\u00fcbernahmeantrag<\/a><\/li>\n<li><a href=\"https:\/\/www.koki-passau.de\/wp-content\/uploads\/2024\/08\/RZ-Koki-Dinlang-Flyer-aussen_Print-NEU.pdf\" target=\"_blank\" rel=\"noopener noreferrer\">Koki Flyer<\/a><\/li>\n<li><a href=\"https:\/\/www.koki-passau.de\/wp-content\/uploads\/2016\/08\/Beratungsfuehrer-Kinder-psychisch-kranker-Eltern.pdf\" target=\"_blank\" rel=\"noopener noreferrer\">Beratungsf\u00fchrer Kinder<br \/>\npsychisch kranker Eltern<\/a><\/li>\n<li><a href=\"https:\/\/www.koki-passau.de\/wp-content\/uploads\/2016\/08\/35-Persoenliche-Notfallkarte.pdf\" target=\"_blank\" rel=\"noopener noreferrer\">Notfallkarte<\/a> und <a href=\"https:\/\/www.koki-passau.de\/wp-content\/uploads\/2021\/06\/Betreuungsverfuegung.pdf\" target=\"_blank\" rel=\"noopener noreferrer\">Betreuungsverf\u00fcgung<\/a><\/li>\n<li><a href=\"https:\/\/www.baer.bayern.de\/entwicklung-von-0-bis-18\/elternbriefe\/\" target=\"_blank\" rel=\"noopener noreferrer\">Elternbriefe und weiterf\u00fchrende Tipps<\/a><\/li>\n<li><a href=\"https:\/\/www.elterntelefon.info\/\" target=\"_blank\" rel=\"noopener noreferrer\">Nummer gegen Kummer das<br \/>\nElterntelefon: Kontakt<\/a><\/li>\n<li><a href=\"https:\/\/www.koki-passau.de\/wp-content\/uploads\/2026\/01\/Babysprechstunde_Hzb_Flyer-4s_ansicht.pdf\">Flyer Baby- und Kleinkinder-<br \/>\nsprechstunde<\/a><\/li>\n<li><a href=\"https:\/\/www.koki-passau.de\/wp-content\/uploads\/2016\/08\/DRUCK_Schuetteltrauma_2019.pdf\" target=\"_blank\" rel=\"noopener noreferrer\">\u201eIhre Nerven liegen blank?\u201c<br \/>\nBitte nicht sch\u00fctteln ! <\/a><\/li>\n<li><a href=\"https:\/\/www.koki-passau.de\/wp-content\/uploads\/2016\/08\/DRUCK_Schuetteltrauma_2019.pdf\" target=\"_blank\" rel=\"noopener noreferrer\">Hier finden Sie Hilfe in der Region<\/a><\/li>\n<li><a href=\"https:\/\/www.familienland.bayern.de\/familienstark\/themen-termine\/schreibaby.php\">Mein Baby schreit so viel!<\/a><\/li>\n<\/ul>\n<\/li>\n<\/ul>\n<\/div>\n<p>&nbsp;<\/p>\n<p>&nbsp;<\/p>\n<p>&nbsp;<\/p>\n<p>&nbsp;<\/p>\n","protected":false},"excerpt":{"rendered":"<p>Links\/Downloads Brosch\u00fcre &#8222;Sie werden Eltern!&#8220; Elterngeldantrag Kindergeld + Kinderzuschlag Kindergartenkosten\u00fcbernahmeantrag Koki Flyer Beratungsf\u00fchrer Kinder psychisch kranker Eltern Notfallkarte und Betreuungsverf\u00fcgung Elternbriefe und weiterf\u00fchrende Tipps Nummer gegen Kummer das Elterntelefon: Kontakt Flyer Baby- und Kleinkinder- sprechstunde \u201eIhre Nerven liegen blank?\u201c Bitte nicht sch\u00fctteln ! Hier finden Sie Hilfe in der Region Mein Baby schreit so viel! &hellip; <a href=\"https:\/\/www.koki-passau.de\/index.php\/linksdownloads\/\" class=\"more-link\"><span class=\"screen-reader-text\">Links\/Downloads<\/span> weiterlesen <span class=\"meta-nav\">&rarr;<\/span><\/a><\/p>\n","protected":false},"author":1,"featured_media":0,"parent":0,"menu_order":0,"comment_status":"closed","ping_status":"closed","template":"","meta":{"footnotes":""},"class_list":["post-144","page","type-page","status-publish","hentry"],"yoast_head":"<!-- This site is optimized with the Yoast SEO plugin v25.9 - https:\/\/yoast.com\/wordpress\/plugins\/seo\/ -->\n<title>Links\/Downloads - KoKi Passau<\/title>\n<meta name=\"robots\" content=\"index, follow, max-snippet:-1, max-image-preview:large, max-video-preview:-1\" \/>\n<link rel=\"canonical\" href=\"https:\/\/www.koki-passau.de\/index.php\/linksdownloads\/\" \/>\n<meta property=\"og:locale\" content=\"de_DE\" \/>\n<meta property=\"og:type\" content=\"article\" \/>\n<meta property=\"og:title\" content=\"Links\/Downloads - KoKi Passau\" \/>\n<meta property=\"og:description\" content=\"Links\/Downloads Brosch\u00fcre &#8222;Sie werden Eltern!&#8220; Elterngeldantrag Kindergeld + Kinderzuschlag Kindergartenkosten\u00fcbernahmeantrag Koki Flyer Beratungsf\u00fchrer Kinder psychisch kranker Eltern Notfallkarte und Betreuungsverf\u00fcgung Elternbriefe und weiterf\u00fchrende Tipps Nummer gegen Kummer das Elterntelefon: Kontakt Flyer Baby- und Kleinkinder- sprechstunde \u201eIhre Nerven liegen blank?\u201c Bitte nicht sch\u00fctteln ! Hier finden Sie Hilfe in der Region Mein Baby schreit so viel! &hellip; Links\/Downloads weiterlesen &rarr;\" \/>\n<meta property=\"og:url\" content=\"https:\/\/www.koki-passau.de\/index.php\/linksdownloads\/\" \/>\n<meta property=\"og:site_name\" content=\"KoKi Passau\" \/>\n<meta property=\"article:modified_time\" content=\"2026-01-15T13:30:23+00:00\" \/>\n<meta property=\"og:image\" content=\"https:\/\/www.koki-passau.de\/wp-content\/uploads\/2016\/08\/Links-Downloads-Bild.jpg\" \/>\n\t<meta property=\"og:image:width\" content=\"187\" \/>\n\t<meta property=\"og:image:height\" content=\"187\" \/>\n\t<meta property=\"og:image:type\" content=\"image\/jpeg\" \/>\n<meta name=\"twitter:card\" content=\"summary_large_image\" \/>\n<meta name=\"twitter:label1\" content=\"Gesch\u00e4tzte Lesezeit\" \/>\n\t<meta name=\"twitter:data1\" content=\"1\u00a0Minute\" \/>\n<script type=\"application\/ld+json\" class=\"yoast-schema-graph\">{\"@context\":\"https:\/\/schema.org\",\"@graph\":[{\"@type\":\"WebPage\",\"@id\":\"https:\/\/www.koki-passau.de\/index.php\/linksdownloads\/\",\"url\":\"https:\/\/www.koki-passau.de\/index.php\/linksdownloads\/\",\"name\":\"Links\/Downloads - KoKi Passau\",\"isPartOf\":{\"@id\":\"https:\/\/www.koki-passau.de\/#website\"},\"primaryImageOfPage\":{\"@id\":\"https:\/\/www.koki-passau.de\/index.php\/linksdownloads\/#primaryimage\"},\"image\":{\"@id\":\"https:\/\/www.koki-passau.de\/index.php\/linksdownloads\/#primaryimage\"},\"thumbnailUrl\":\"https:\/\/www.koki-passau.de\/wp-content\/uploads\/2016\/08\/Links-Downloads-Bild.jpg\",\"datePublished\":\"2016-08-25T10:05:49+00:00\",\"dateModified\":\"2026-01-15T13:30:23+00:00\",\"breadcrumb\":{\"@id\":\"https:\/\/www.koki-passau.de\/index.php\/linksdownloads\/#breadcrumb\"},\"inLanguage\":\"de\",\"potentialAction\":[{\"@type\":\"ReadAction\",\"target\":[\"https:\/\/www.koki-passau.de\/index.php\/linksdownloads\/\"]}]},{\"@type\":\"ImageObject\",\"inLanguage\":\"de\",\"@id\":\"https:\/\/www.koki-passau.de\/index.php\/linksdownloads\/#primaryimage\",\"url\":\"https:\/\/www.koki-passau.de\/wp-content\/uploads\/2016\/08\/Links-Downloads-Bild.jpg\",\"contentUrl\":\"https:\/\/www.koki-passau.de\/wp-content\/uploads\/2016\/08\/Links-Downloads-Bild.jpg\",\"width\":187,\"height\":187},{\"@type\":\"BreadcrumbList\",\"@id\":\"https:\/\/www.koki-passau.de\/index.php\/linksdownloads\/#breadcrumb\",\"itemListElement\":[{\"@type\":\"ListItem\",\"position\":1,\"name\":\"Home\",\"item\":\"https:\/\/www.koki-passau.de\/\"},{\"@type\":\"ListItem\",\"position\":2,\"name\":\"Links\/Downloads\"}]},{\"@type\":\"WebSite\",\"@id\":\"https:\/\/www.koki-passau.de\/#website\",\"url\":\"https:\/\/www.koki-passau.de\/\",\"name\":\"KoKi Passau\",\"description\":\"Die Koordinierenden Kinderschutzstellen\",\"potentialAction\":[{\"@type\":\"SearchAction\",\"target\":{\"@type\":\"EntryPoint\",\"urlTemplate\":\"https:\/\/www.koki-passau.de\/?s={search_term_string}\"},\"query-input\":{\"@type\":\"PropertyValueSpecification\",\"valueRequired\":true,\"valueName\":\"search_term_string\"}}],\"inLanguage\":\"de\"}]}<\/script>\n<!-- \/ Yoast SEO plugin. -->","yoast_head_json":{"title":"Links\/Downloads - KoKi Passau","robots":{"index":"index","follow":"follow","max-snippet":"max-snippet:-1","max-image-preview":"max-image-preview:large","max-video-preview":"max-video-preview:-1"},"canonical":"https:\/\/www.koki-passau.de\/index.php\/linksdownloads\/","og_locale":"de_DE","og_type":"article","og_title":"Links\/Downloads - KoKi Passau","og_description":"Links\/Downloads Brosch\u00fcre &#8222;Sie werden Eltern!&#8220; Elterngeldantrag Kindergeld + Kinderzuschlag Kindergartenkosten\u00fcbernahmeantrag Koki Flyer Beratungsf\u00fchrer Kinder psychisch kranker Eltern Notfallkarte und Betreuungsverf\u00fcgung Elternbriefe und weiterf\u00fchrende Tipps Nummer gegen Kummer das Elterntelefon: Kontakt Flyer Baby- und Kleinkinder- sprechstunde \u201eIhre Nerven liegen blank?\u201c Bitte nicht sch\u00fctteln ! Hier finden Sie Hilfe in der Region Mein Baby schreit so viel! &hellip; Links\/Downloads weiterlesen &rarr;","og_url":"https:\/\/www.koki-passau.de\/index.php\/linksdownloads\/","og_site_name":"KoKi Passau","article_modified_time":"2026-01-15T13:30:23+00:00","og_image":[{"width":187,"height":187,"url":"https:\/\/www.koki-passau.de\/wp-content\/uploads\/2016\/08\/Links-Downloads-Bild.jpg","type":"image\/jpeg"}],"twitter_card":"summary_large_image","twitter_misc":{"Gesch\u00e4tzte Lesezeit":"1\u00a0Minute"},"schema":{"@context":"https:\/\/schema.org","@graph":[{"@type":"WebPage","@id":"https:\/\/www.koki-passau.de\/index.php\/linksdownloads\/","url":"https:\/\/www.koki-passau.de\/index.php\/linksdownloads\/","name":"Links\/Downloads - KoKi Passau","isPartOf":{"@id":"https:\/\/www.koki-passau.de\/#website"},"primaryImageOfPage":{"@id":"https:\/\/www.koki-passau.de\/index.php\/linksdownloads\/#primaryimage"},"image":{"@id":"https:\/\/www.koki-passau.de\/index.php\/linksdownloads\/#primaryimage"},"thumbnailUrl":"https:\/\/www.koki-passau.de\/wp-content\/uploads\/2016\/08\/Links-Downloads-Bild.jpg","datePublished":"2016-08-25T10:05:49+00:00","dateModified":"2026-01-15T13:30:23+00:00","breadcrumb":{"@id":"https:\/\/www.koki-passau.de\/index.php\/linksdownloads\/#breadcrumb"},"inLanguage":"de","potentialAction":[{"@type":"ReadAction","target":["https:\/\/www.koki-passau.de\/index.php\/linksdownloads\/"]}]},{"@type":"ImageObject","inLanguage":"de","@id":"https:\/\/www.koki-passau.de\/index.php\/linksdownloads\/#primaryimage","url":"https:\/\/www.koki-passau.de\/wp-content\/uploads\/2016\/08\/Links-Downloads-Bild.jpg","contentUrl":"https:\/\/www.koki-passau.de\/wp-content\/uploads\/2016\/08\/Links-Downloads-Bild.jpg","width":187,"height":187},{"@type":"BreadcrumbList","@id":"https:\/\/www.koki-passau.de\/index.php\/linksdownloads\/#breadcrumb","itemListElement":[{"@type":"ListItem","position":1,"name":"Home","item":"https:\/\/www.koki-passau.de\/"},{"@type":"ListItem","position":2,"name":"Links\/Downloads"}]},{"@type":"WebSite","@id":"https:\/\/www.koki-passau.de\/#website","url":"https:\/\/www.koki-passau.de\/","name":"KoKi Passau","description":"Die Koordinierenden Kinderschutzstellen","potentialAction":[{"@type":"SearchAction","target":{"@type":"EntryPoint","urlTemplate":"https:\/\/www.koki-passau.de\/?s={search_term_string}"},"query-input":{"@type":"PropertyValueSpecification","valueRequired":true,"valueName":"search_term_string"}}],"inLanguage":"de"}]}},"_links":{"self":[{"href":"https:\/\/www.koki-passau.de\/index.php\/wp-json\/wp\/v2\/pages\/144","targetHints":{"allow":["GET"]}}],"collection":[{"href":"https:\/\/www.koki-passau.de\/index.php\/wp-json\/wp\/v2\/pages"}],"about":[{"href":"https:\/\/www.koki-passau.de\/index.php\/wp-json\/wp\/v2\/types\/page"}],"author":[{"embeddable":true,"href":"https:\/\/www.koki-passau.de\/index.php\/wp-json\/wp\/v2\/users\/1"}],"replies":[{"embeddable":true,"href":"https:\/\/www.koki-passau.de\/index.php\/wp-json\/wp\/v2\/comments?post=144"}],"version-history":[{"count":42,"href":"https:\/\/www.koki-passau.de\/index.php\/wp-json\/wp\/v2\/pages\/144\/revisions"}],"predecessor-version":[{"id":842,"href":"https:\/\/www.koki-passau.de\/index.php\/wp-json\/wp\/v2\/pages\/144\/revisions\/842"}],"wp:attachment":[{"href":"https:\/\/www.koki-passau.de\/index.php\/wp-json\/wp\/v2\/media?parent=144"}],"curies":[{"name":"wp","href":"https:\/\/api.w.org\/{rel}","templated":true}]}}