{"id":10,"date":"2016-08-22T08:27:01","date_gmt":"2016-08-22T06:27:01","guid":{"rendered":"http:\/\/www.koki-passau.de\/?page_id=10"},"modified":"2021-08-26T10:44:21","modified_gmt":"2021-08-26T08:44:21","slug":"angebote-vor-ort","status":"publish","type":"page","link":"https:\/\/www.koki-passau.de\/index.php\/angebote-vor-ort\/","title":{"rendered":"Angebote vor Ort"},"content":{"rendered":"<div id=\"boxgelb\">\n<p><img loading=\"lazy\" decoding=\"async\" class=\"alignnone size-full wp-image-474\" src=\"https:\/\/www.koki-passau.de\/wp-content\/uploads\/2016\/08\/Angebote-Bild.jpg\" alt=\"Koki Passau Angebote\" width=\"187\" height=\"187\" \/><\/p>\n<h1>Angebote vor Ort<\/h1>\n<h3>Telefonische oder pers\u00f6nliche Beratungsgespr\u00e4che (gerne auch bei Ihnen zu Hause) durch die<br \/>\nKoki-Fachkraft, <span class=\"tooltips \" style=\"\" title=\"&lt;p&gt;Familienhebammen und Familienkinderkrankenschwestern begleiten M\u00fctter und Familien in der ersten Zeit mit dem Baby oder Kleinkind. Sie sind Ansprechpartner zu den Themen:&lt;\/p&gt;\n&lt;ul&gt;&lt;li&gt;Stillen und Ern\u00e4hrung&lt;\/li&gt;\n&lt;li&gt;S\u00e4uglingspflege&lt;\/li&gt;\n&lt;li&gt;Schlaf- und Schreiproblemen&lt;\/li&gt;\n&lt;li&gt;\u201eBaby lesen\u201c was braucht mein Kind?&lt;\/li&gt;\n&lt;li&gt;Sprachliche, motorische, psychische Entwicklung des Kindes&lt;\/li&gt;&lt;\/ul&gt;\n \n&lt;p&gt;&lt;strong&gt;Wer kann diese Hilfe in Anspruch nehmen:&lt;\/strong&gt;&lt;br \/&gt;&lt;br \/&gt;\n\n(Werdende) Eltern mit Baby und Kleinkind bis zum Ende des dritten Lebensjahres, wenn:&lt;br \/&gt;\n- Sie unsicher im Bezug auf Themen wie Schwangerschaft, &lt;br \/&gt;\n&amp;nbsp;&amp;nbsp;Geburt und S\u00e4uglingspflege sind oder sich \u00fcberfordert f\u00fchlen&lt;br \/&gt;\n- Sich in schwierigen pers\u00f6nlichen Situationen befinden&lt;br \/&gt;\n- Sie das Gef\u00fchl haben, es nicht mehr alleine zu schaffen&lt;br \/&gt;\n- Ihr Baby sehr unruhig ist&lt;br \/&gt;\n- u.v.m.&lt;br \/&gt;&lt;\/p&gt;\n\n&lt;p&gt;In einem pers\u00f6nlichen Gespr\u00e4ch mit der Koki-Fachkraft k\u00f6nnen die Einzelnen Thematiken n\u00e4her besprochen werden.&lt;br \/&gt;\nNehmen Sie Kontakt zu uns auf.&lt;\/p&gt;\n&lt;\/p&gt;\"><span>Familienhebammen\/<br \/>\nFamilienkinderkrankenschwestern<\/span><\/span><\/h3>\n<p>Familienhebammen und Familienkinderkrankenschwestern begleiten Sie und Ihre Familie im Alltag und stehen Ihnen mit Rat und Tat zur Seite.<\/p>\n<\/div>\n<div id=\"boxgelb2\">\n<p><img loading=\"lazy\" decoding=\"async\" class=\"alignleft size-full wp-image-478\" src=\"https:\/\/www.koki-passau.de\/wp-content\/uploads\/2016\/08\/Angebote-Bild2.jpg\" alt=\"Koki Angebote Passau\" width=\"187\" height=\"187\" \/><\/p>\n<h2>Sie unterst\u00fctzen bei:<\/h2>\n<ul>\n<li>S\u00e4uglingspflege<\/li>\n<li>Stillen und Ern\u00e4hrung<\/li>\n<li>Schlaf- , Schrei- und F\u00fctterprobleme<\/li>\n<li>Beim \u201eBaby lesen\u201c (Das Kind mit seinen Signale verstehen lernen)<\/li>\n<li>Herstellung einer kindgerechten, unfallvermeidenden Umgebung<\/li>\n<li>Motorischen, sprachlichen und psychischen Entwicklung ihres Kindes.<\/li>\n<\/ul>\n<\/div>\n<h4>Eltern mit Babys und Kleinkindern bis zum dritten Lebensjahr k\u00f6nnen diese Hilfe in Anspruch nehmen wenn:<\/h4>\n<div id=\"bg-boxdunkelgrau\">\n<ul>\n<li>Sie Fragen zu oben genannten Themen haben und Unterst\u00fctzung ben\u00f6tigen<\/li>\n<li>Sie sich in einer schwierigen pers\u00f6nlichen Lage befinden und Unterst\u00fctzung ben\u00f6tigen<\/li>\n<li>Sie das Gef\u00fchl haben, es alleine nicht mehr zu schaffen<\/li>\n<li>Usw.<\/li>\n<\/ul>\n<\/div>\n<p style=\"text-align: center;\"><strong>Bei konkreten Fragen wenden Sie sich gerne an die Zust\u00e4ndige Fachkraft der Koki ( siehe <\/strong><a href=\"https:\/\/www.koki-passau.de\/index.php\/team-kontakt\/\"><strong>Kontakt<\/strong><\/a> <strong>)<\/strong><\/p>\n","protected":false},"excerpt":{"rendered":"<p>Angebote vor Ort Telefonische oder pers\u00f6nliche Beratungsgespr\u00e4che (gerne auch bei Ihnen zu Hause) durch die Koki-Fachkraft, Familienhebammen und Familienkinderkrankenschwestern begleiten Sie und Ihre Familie im Alltag und stehen Ihnen mit Rat und Tat zur Seite. Sie unterst\u00fctzen bei: S\u00e4uglingspflege Stillen und Ern\u00e4hrung Schlaf- , Schrei- und F\u00fctterprobleme Beim \u201eBaby lesen\u201c (Das Kind mit seinen Signale &hellip; <a href=\"https:\/\/www.koki-passau.de\/index.php\/angebote-vor-ort\/\" class=\"more-link\"><span class=\"screen-reader-text\">Angebote vor Ort<\/span> weiterlesen <span class=\"meta-nav\">&rarr;<\/span><\/a><\/p>\n","protected":false},"author":1,"featured_media":0,"parent":0,"menu_order":0,"comment_status":"closed","ping_status":"closed","template":"","meta":{"footnotes":""},"class_list":["post-10","page","type-page","status-publish","hentry"],"yoast_head":"<!-- This site is optimized with the Yoast SEO plugin v25.9 - https:\/\/yoast.com\/wordpress\/plugins\/seo\/ -->\n<title>Angebote vor Ort - KoKi Passau<\/title>\n<meta name=\"robots\" content=\"index, follow, max-snippet:-1, max-image-preview:large, max-video-preview:-1\" \/>\n<link rel=\"canonical\" href=\"https:\/\/www.koki-passau.de\/index.php\/angebote-vor-ort\/\" \/>\n<meta property=\"og:locale\" content=\"de_DE\" \/>\n<meta property=\"og:type\" content=\"article\" \/>\n<meta property=\"og:title\" content=\"Angebote vor Ort - KoKi Passau\" \/>\n<meta property=\"og:description\" content=\"Angebote vor Ort Telefonische oder pers\u00f6nliche Beratungsgespr\u00e4che (gerne auch bei Ihnen zu Hause) durch die Koki-Fachkraft, Familienhebammen und Familienkinderkrankenschwestern begleiten Sie und Ihre Familie im Alltag und stehen Ihnen mit Rat und Tat zur Seite. Sie unterst\u00fctzen bei: S\u00e4uglingspflege Stillen und Ern\u00e4hrung Schlaf- , Schrei- und F\u00fctterprobleme Beim \u201eBaby lesen\u201c (Das Kind mit seinen Signale &hellip; Angebote vor Ort weiterlesen &rarr;\" \/>\n<meta property=\"og:url\" content=\"https:\/\/www.koki-passau.de\/index.php\/angebote-vor-ort\/\" \/>\n<meta property=\"og:site_name\" content=\"KoKi Passau\" \/>\n<meta property=\"article:modified_time\" content=\"2021-08-26T08:44:21+00:00\" \/>\n<meta property=\"og:image\" content=\"https:\/\/www.koki-passau.de\/wp-content\/uploads\/2016\/08\/Angebote-Bild.jpg\" \/>\n<meta name=\"twitter:card\" content=\"summary_large_image\" \/>\n<meta name=\"twitter:label1\" content=\"Gesch\u00e4tzte Lesezeit\" \/>\n\t<meta name=\"twitter:data1\" content=\"1\u00a0Minute\" \/>\n<script type=\"application\/ld+json\" class=\"yoast-schema-graph\">{\"@context\":\"https:\/\/schema.org\",\"@graph\":[{\"@type\":\"WebPage\",\"@id\":\"https:\/\/www.koki-passau.de\/index.php\/angebote-vor-ort\/\",\"url\":\"https:\/\/www.koki-passau.de\/index.php\/angebote-vor-ort\/\",\"name\":\"Angebote vor Ort - KoKi Passau\",\"isPartOf\":{\"@id\":\"https:\/\/www.koki-passau.de\/#website\"},\"primaryImageOfPage\":{\"@id\":\"https:\/\/www.koki-passau.de\/index.php\/angebote-vor-ort\/#primaryimage\"},\"image\":{\"@id\":\"https:\/\/www.koki-passau.de\/index.php\/angebote-vor-ort\/#primaryimage\"},\"thumbnailUrl\":\"https:\/\/www.koki-passau.de\/wp-content\/uploads\/2016\/08\/Angebote-Bild.jpg\",\"datePublished\":\"2016-08-22T06:27:01+00:00\",\"dateModified\":\"2021-08-26T08:44:21+00:00\",\"breadcrumb\":{\"@id\":\"https:\/\/www.koki-passau.de\/index.php\/angebote-vor-ort\/#breadcrumb\"},\"inLanguage\":\"de\",\"potentialAction\":[{\"@type\":\"ReadAction\",\"target\":[\"https:\/\/www.koki-passau.de\/index.php\/angebote-vor-ort\/\"]}]},{\"@type\":\"ImageObject\",\"inLanguage\":\"de\",\"@id\":\"https:\/\/www.koki-passau.de\/index.php\/angebote-vor-ort\/#primaryimage\",\"url\":\"https:\/\/www.koki-passau.de\/wp-content\/uploads\/2016\/08\/Angebote-Bild.jpg\",\"contentUrl\":\"https:\/\/www.koki-passau.de\/wp-content\/uploads\/2016\/08\/Angebote-Bild.jpg\",\"width\":187,\"height\":187},{\"@type\":\"BreadcrumbList\",\"@id\":\"https:\/\/www.koki-passau.de\/index.php\/angebote-vor-ort\/#breadcrumb\",\"itemListElement\":[{\"@type\":\"ListItem\",\"position\":1,\"name\":\"Home\",\"item\":\"https:\/\/www.koki-passau.de\/\"},{\"@type\":\"ListItem\",\"position\":2,\"name\":\"Angebote vor Ort\"}]},{\"@type\":\"WebSite\",\"@id\":\"https:\/\/www.koki-passau.de\/#website\",\"url\":\"https:\/\/www.koki-passau.de\/\",\"name\":\"KoKi Passau\",\"description\":\"Die Koordinierenden Kinderschutzstellen\",\"potentialAction\":[{\"@type\":\"SearchAction\",\"target\":{\"@type\":\"EntryPoint\",\"urlTemplate\":\"https:\/\/www.koki-passau.de\/?s={search_term_string}\"},\"query-input\":{\"@type\":\"PropertyValueSpecification\",\"valueRequired\":true,\"valueName\":\"search_term_string\"}}],\"inLanguage\":\"de\"}]}<\/script>\n<!-- \/ Yoast SEO plugin. -->","yoast_head_json":{"title":"Angebote vor Ort - KoKi Passau","robots":{"index":"index","follow":"follow","max-snippet":"max-snippet:-1","max-image-preview":"max-image-preview:large","max-video-preview":"max-video-preview:-1"},"canonical":"https:\/\/www.koki-passau.de\/index.php\/angebote-vor-ort\/","og_locale":"de_DE","og_type":"article","og_title":"Angebote vor Ort - KoKi Passau","og_description":"Angebote vor Ort Telefonische oder pers\u00f6nliche Beratungsgespr\u00e4che (gerne auch bei Ihnen zu Hause) durch die Koki-Fachkraft, Familienhebammen und Familienkinderkrankenschwestern begleiten Sie und Ihre Familie im Alltag und stehen Ihnen mit Rat und Tat zur Seite. Sie unterst\u00fctzen bei: S\u00e4uglingspflege Stillen und Ern\u00e4hrung Schlaf- , Schrei- und F\u00fctterprobleme Beim \u201eBaby lesen\u201c (Das Kind mit seinen Signale &hellip; Angebote vor Ort weiterlesen &rarr;","og_url":"https:\/\/www.koki-passau.de\/index.php\/angebote-vor-ort\/","og_site_name":"KoKi Passau","article_modified_time":"2021-08-26T08:44:21+00:00","og_image":[{"url":"https:\/\/www.koki-passau.de\/wp-content\/uploads\/2016\/08\/Angebote-Bild.jpg","type":"","width":"","height":""}],"twitter_card":"summary_large_image","twitter_misc":{"Gesch\u00e4tzte Lesezeit":"1\u00a0Minute"},"schema":{"@context":"https:\/\/schema.org","@graph":[{"@type":"WebPage","@id":"https:\/\/www.koki-passau.de\/index.php\/angebote-vor-ort\/","url":"https:\/\/www.koki-passau.de\/index.php\/angebote-vor-ort\/","name":"Angebote vor Ort - KoKi Passau","isPartOf":{"@id":"https:\/\/www.koki-passau.de\/#website"},"primaryImageOfPage":{"@id":"https:\/\/www.koki-passau.de\/index.php\/angebote-vor-ort\/#primaryimage"},"image":{"@id":"https:\/\/www.koki-passau.de\/index.php\/angebote-vor-ort\/#primaryimage"},"thumbnailUrl":"https:\/\/www.koki-passau.de\/wp-content\/uploads\/2016\/08\/Angebote-Bild.jpg","datePublished":"2016-08-22T06:27:01+00:00","dateModified":"2021-08-26T08:44:21+00:00","breadcrumb":{"@id":"https:\/\/www.koki-passau.de\/index.php\/angebote-vor-ort\/#breadcrumb"},"inLanguage":"de","potentialAction":[{"@type":"ReadAction","target":["https:\/\/www.koki-passau.de\/index.php\/angebote-vor-ort\/"]}]},{"@type":"ImageObject","inLanguage":"de","@id":"https:\/\/www.koki-passau.de\/index.php\/angebote-vor-ort\/#primaryimage","url":"https:\/\/www.koki-passau.de\/wp-content\/uploads\/2016\/08\/Angebote-Bild.jpg","contentUrl":"https:\/\/www.koki-passau.de\/wp-content\/uploads\/2016\/08\/Angebote-Bild.jpg","width":187,"height":187},{"@type":"BreadcrumbList","@id":"https:\/\/www.koki-passau.de\/index.php\/angebote-vor-ort\/#breadcrumb","itemListElement":[{"@type":"ListItem","position":1,"name":"Home","item":"https:\/\/www.koki-passau.de\/"},{"@type":"ListItem","position":2,"name":"Angebote vor Ort"}]},{"@type":"WebSite","@id":"https:\/\/www.koki-passau.de\/#website","url":"https:\/\/www.koki-passau.de\/","name":"KoKi Passau","description":"Die Koordinierenden Kinderschutzstellen","potentialAction":[{"@type":"SearchAction","target":{"@type":"EntryPoint","urlTemplate":"https:\/\/www.koki-passau.de\/?s={search_term_string}"},"query-input":{"@type":"PropertyValueSpecification","valueRequired":true,"valueName":"search_term_string"}}],"inLanguage":"de"}]}},"_links":{"self":[{"href":"https:\/\/www.koki-passau.de\/index.php\/wp-json\/wp\/v2\/pages\/10","targetHints":{"allow":["GET"]}}],"collection":[{"href":"https:\/\/www.koki-passau.de\/index.php\/wp-json\/wp\/v2\/pages"}],"about":[{"href":"https:\/\/www.koki-passau.de\/index.php\/wp-json\/wp\/v2\/types\/page"}],"author":[{"embeddable":true,"href":"https:\/\/www.koki-passau.de\/index.php\/wp-json\/wp\/v2\/users\/1"}],"replies":[{"embeddable":true,"href":"https:\/\/www.koki-passau.de\/index.php\/wp-json\/wp\/v2\/comments?post=10"}],"version-history":[{"count":65,"href":"https:\/\/www.koki-passau.de\/index.php\/wp-json\/wp\/v2\/pages\/10\/revisions"}],"predecessor-version":[{"id":761,"href":"https:\/\/www.koki-passau.de\/index.php\/wp-json\/wp\/v2\/pages\/10\/revisions\/761"}],"wp:attachment":[{"href":"https:\/\/www.koki-passau.de\/index.php\/wp-json\/wp\/v2\/media?parent=10"}],"curies":[{"name":"wp","href":"https:\/\/api.w.org\/{rel}","templated":true}]}}